{"id":10807,"date":"2022-07-13T17:30:42","date_gmt":"2022-07-13T15:30:42","guid":{"rendered":"https:\/\/biztributor.hu\/?page_id=10807"},"modified":"2024-01-09T15:17:42","modified_gmt":"2024-01-09T14:17:42","slug":"contact-us","status":"publish","type":"page","link":"https:\/\/biztributor.hu\/en\/contact-us\/","title":{"rendered":"Contact us"},"content":{"rendered":"<p>4\/A. K\u0151olt\u00e1r Street, Budapest, H-1112<\/p>\n<p><a style=\"white-space: nowrap;\" title=\"Telefonsz\u00e1m h\u00edv\u00e1sa\" href=\"tel:+3613920218\">+36 1 392-0218<\/a><\/p>\n<p><a title=\"Lev\u00e9l k\u00fcld\u00e9se\" href=\"mailto:info@biztributor.hu\">info@biztributor.hu<\/a><\/p>\n","protected":false},"excerpt":{"rendered":"<p>4\/A. K\u0151olt\u00e1r Street, Budapest, H-1112 +36 1 392-0218 info@biztributor.hu<\/p>\n","protected":false},"author":5,"featured_media":0,"parent":0,"menu_order":200,"comment_status":"closed","ping_status":"closed","template":"contact.php","meta":{"_acf_changed":false,"footnotes":""},"class_list":["post-10807","page","type-page","status-publish","hentry"],"acf":[],"_links":{"self":[{"href":"https:\/\/biztributor.hu\/en\/wp-json\/wp\/v2\/pages\/10807","targetHints":{"allow":["GET"]}}],"collection":[{"href":"https:\/\/biztributor.hu\/en\/wp-json\/wp\/v2\/pages"}],"about":[{"href":"https:\/\/biztributor.hu\/en\/wp-json\/wp\/v2\/types\/page"}],"author":[{"embeddable":true,"href":"https:\/\/biztributor.hu\/en\/wp-json\/wp\/v2\/users\/5"}],"replies":[{"embeddable":true,"href":"https:\/\/biztributor.hu\/en\/wp-json\/wp\/v2\/comments?post=10807"}],"version-history":[{"count":3,"href":"https:\/\/biztributor.hu\/en\/wp-json\/wp\/v2\/pages\/10807\/revisions"}],"predecessor-version":[{"id":10941,"href":"https:\/\/biztributor.hu\/en\/wp-json\/wp\/v2\/pages\/10807\/revisions\/10941"}],"wp:attachment":[{"href":"https:\/\/biztributor.hu\/en\/wp-json\/wp\/v2\/media?parent=10807"}],"curies":[{"name":"wp","href":"https:\/\/api.w.org\/{rel}","templated":true}]}}